{"id":9,"date":"2024-07-08T18:19:32","date_gmt":"2024-07-08T16:19:32","guid":{"rendered":"https:\/\/reload-fitness.de\/?page_id=9"},"modified":"2025-07-03T16:12:52","modified_gmt":"2025-07-03T14:12:52","slug":"bogenschiessen","status":"publish","type":"page","link":"https:\/\/pfeilundbogenerlebnisse.de\/","title":{"rendered":"Intuitives Bogenschie\u00dfen"},"content":{"rendered":"\n<div class=\"wp-block-group alignfull has-accent-background-color has-background has-global-padding is-layout-constrained wp-container-core-group-is-layout-669513ed wp-block-group-is-layout-constrained\" style=\"margin-top:0;margin-bottom:0;padding-top:var(--wp--preset--spacing--50);padding-right:var(--wp--preset--spacing--50);padding-bottom:var(--wp--preset--spacing--50);padding-left:var(--wp--preset--spacing--50)\">\n<div class=\"wp-block-columns alignwide is-layout-flex wp-container-core-columns-is-layout-1da03c2a wp-block-columns-is-layout-flex\">\n<div class=\"wp-block-column is-vertically-aligned-stretch is-layout-flow wp-block-column-is-layout-flow\" style=\"flex-basis:50%\">\n<div class=\"wp-block-group is-vertical is-content-justification-stretch is-layout-flex wp-container-core-group-is-layout-444d5ee8 wp-block-group-is-layout-flex\" style=\"min-height:100%\">\n<p class=\"has-large-font-size\"><strong>Immer ein Volltreffer !<br>w\u00e4hlen Sie aus unserem Angebot<\/strong><br><strong>das f\u00fcr Sie passende Event<\/strong><\/p>\n\n\n\n<p>Erleben Sie die Faszination des Bogenschie\u00dfens in all seinen Facetten. Egal, ob Sie ein spannendes Teamevent planen, einen Kindergeburtstag unvergesslich machen m\u00f6chten oder nach einem besonderen Highlight f\u00fcr Ihre Feier suchen \u2013 bei uns finden Sie das passende Angebot. Lassen Sie sich von unserer Begeisterung anstecken und tauchen Sie ein in die Welt des intuitiven Bogenschie\u00dfens.<\/p>\n\n\n\n<p><\/p>\n\n\n\n<p>Wir verwenden f\u00fcr unsere Veranstaltungen ausschlie\u00dflich sog. Larp-Pfeile, um jegliches Verletzungsrisiko auszuschlie\u00dfen.<br>Erfahrene Trainer sorgen daf\u00fcr, dass die Sicherheitsvorschriften eingehalten werden und Sie das Bogenschie\u00dfen in einer sicheren Umgebung genie\u00dfen k\u00f6nnen.<\/p>\n\n\n\n<p>Es werden verschiedene feste und bewegliche Ziele angeboten, damit Langeweile und Eint\u00f6nigkeit keine Chance haben.<\/p>\n<\/div>\n<\/div>\n\n\n\n<div class=\"wp-block-column is-vertically-aligned-center is-layout-flow wp-block-column-is-layout-flow\" style=\"flex-basis:50%\">\n<figure class=\"wp-block-image size-large is-resized is-style-rounded is-style-rounded--1\"><img loading=\"lazy\" decoding=\"async\" width=\"1024\" height=\"676\" src=\"https:\/\/pfeilundbogenerlebnisse.de\/wp-content\/uploads\/2025\/01\/Depositphotos_104905274_XL-1024x676.jpg\" alt=\"\" class=\"wp-image-76\" style=\"aspect-ratio:16\/9;object-fit:cover;width:724px;height:auto\" srcset=\"https:\/\/pfeilundbogenerlebnisse.de\/wp-content\/uploads\/2025\/01\/Depositphotos_104905274_XL-1024x676.jpg 1024w, https:\/\/pfeilundbogenerlebnisse.de\/wp-content\/uploads\/2025\/01\/Depositphotos_104905274_XL-300x198.jpg 300w, https:\/\/pfeilundbogenerlebnisse.de\/wp-content\/uploads\/2025\/01\/Depositphotos_104905274_XL-768x507.jpg 768w, https:\/\/pfeilundbogenerlebnisse.de\/wp-content\/uploads\/2025\/01\/Depositphotos_104905274_XL-1536x1014.jpg 1536w, https:\/\/pfeilundbogenerlebnisse.de\/wp-content\/uploads\/2025\/01\/Depositphotos_104905274_XL-2048x1352.jpg 2048w\" sizes=\"auto, (max-width: 1024px) 100vw, 1024px\" \/><\/figure>\n<\/div>\n<\/div>\n<\/div>\n\n\n\n<div class=\"wp-block-group alignfull has-accent-5-background-color has-background has-global-padding is-layout-constrained wp-container-core-group-is-layout-d89aad35 wp-block-group-is-layout-constrained\" style=\"margin-top:0;margin-bottom:0;padding-top:var(--wp--preset--spacing--50);padding-right:var(--wp--preset--spacing--50);padding-bottom:var(--wp--preset--spacing--50);padding-left:var(--wp--preset--spacing--50)\">\n<div class=\"wp-block-columns alignwide is-layout-flex wp-container-core-columns-is-layout-1da03c2a wp-block-columns-is-layout-flex\">\n<div class=\"wp-block-column is-vertically-aligned-center is-layout-flow wp-block-column-is-layout-flow\" style=\"flex-basis:60%\">\n<figure class=\"wp-block-image size-full is-style-rounded is-style-rounded--2\"><img loading=\"lazy\" decoding=\"async\" width=\"2356\" height=\"1571\" src=\"https:\/\/pfeilundbogenerlebnisse.de\/wp-content\/uploads\/2025\/01\/Zweige_Fotolia_23081121_L.jpg\" alt=\"\" class=\"wp-image-80\" style=\"aspect-ratio:4\/3;object-fit:cover\" srcset=\"https:\/\/pfeilundbogenerlebnisse.de\/wp-content\/uploads\/2025\/01\/Zweige_Fotolia_23081121_L.jpg 2356w, https:\/\/pfeilundbogenerlebnisse.de\/wp-content\/uploads\/2025\/01\/Zweige_Fotolia_23081121_L-300x200.jpg 300w, https:\/\/pfeilundbogenerlebnisse.de\/wp-content\/uploads\/2025\/01\/Zweige_Fotolia_23081121_L-1024x683.jpg 1024w, https:\/\/pfeilundbogenerlebnisse.de\/wp-content\/uploads\/2025\/01\/Zweige_Fotolia_23081121_L-768x512.jpg 768w, https:\/\/pfeilundbogenerlebnisse.de\/wp-content\/uploads\/2025\/01\/Zweige_Fotolia_23081121_L-1536x1024.jpg 1536w, https:\/\/pfeilundbogenerlebnisse.de\/wp-content\/uploads\/2025\/01\/Zweige_Fotolia_23081121_L-2048x1366.jpg 2048w\" sizes=\"auto, (max-width: 2356px) 100vw, 2356px\" \/><\/figure>\n<\/div>\n\n\n\n<div class=\"wp-block-column is-layout-flow wp-block-column-is-layout-flow\" style=\"flex-basis:40%\">\n<h2 class=\"wp-block-heading\">Unsere Philosophie<\/h2>\n\n\n\n<p>Bei pfeilundbogenerlebnisse stehen Geschick, Konzentration und das Miteinander im Vordergrund. <br>Wir glauben daran, dass Bogenschie\u00dfen weit mehr als nur ein Sport ist \u2013 es ist eine Kunst, die K\u00f6rper und Geist in Einklang bringt. Unsere Veranstaltungen sind so gestaltet, dass sie sowohl Spa\u00df machen als auch die Konzentration und das Zusammengeh\u00f6rigkeitsgef\u00fchl st\u00e4rken.<\/p>\n\n\n\n<p>Sicherheit, Professionalit\u00e4t und Zufriedenheit unserer Kunden haben oberste Priorit\u00e4t.<\/p>\n<\/div>\n<\/div>\n<\/div>\n\n\n\n<div class=\"wp-block-group alignfull has-accent-5-background-color has-background has-global-padding is-layout-constrained wp-container-core-group-is-layout-d89aad35 wp-block-group-is-layout-constrained\" style=\"margin-top:0;margin-bottom:0;padding-top:var(--wp--preset--spacing--50);padding-right:var(--wp--preset--spacing--50);padding-bottom:var(--wp--preset--spacing--50);padding-left:var(--wp--preset--spacing--50)\">\n<div class=\"wp-block-columns alignwide is-layout-flex wp-container-core-columns-is-layout-1da03c2a wp-block-columns-is-layout-flex\">\n<div class=\"wp-block-column is-vertically-aligned-center is-layout-flow wp-block-column-is-layout-flow\" style=\"flex-basis:60%\">\n<h2 class=\"wp-block-heading\">Unsere Angebote<\/h2>\n\n\n\n<p>Wir bieten eine breite Palette an Veranstaltungen und Kursen, die auf unterschiedliche Bed\u00fcrfnisse und Anl\u00e4sse abgestimmt sind:<\/p>\n\n\n\n<ul class=\"wp-block-list\">\n<li><strong>Erlebnis Bogenschie\u00dfen:<\/strong> Von Einsteigerkursen bis hin zu fortgeschrittenen Techniken. Statisches und dynamisches Schie\u00dfen<\/li>\n\n\n\n<li><strong>Teambuilding:<\/strong> St\u00e4rken Sie den Teamgeist und die Kommunikation in Ihren Abteilungen bzw. Ihrem Unternehmen<\/li>\n\n\n\n<li><strong>Kindergeburtstage:<\/strong> Machen Sie den Geburtstag Ihres Kindes zu einem unvergesslichen Erlebnis<\/li>\n\n\n\n<li><strong>Firmenfeiern, Hochzeiten und Junggesellenabschiede:<\/strong> Verleihen Sie Ihrer Feier das gewisse Etwas mit unserem mobilen Bogenschie\u00df-Programm<\/li>\n\n\n\n<li><strong>Unsere Specials:<\/strong> Erleben Sie die einzigartige Kombination aus Geschicklichkeit und Pr\u00e4zision beim Segway Bogen-Biathlon oder stellen Sie Ihre Teamf\u00e4higkeit bei den Archery Games unter Beweis<\/li>\n<\/ul>\n<\/div>\n\n\n\n<div class=\"wp-block-column is-layout-flow wp-block-column-is-layout-flow\"><\/div>\n\n\n\n<div class=\"wp-block-column is-vertically-aligned-center is-layout-flow wp-block-column-is-layout-flow\" style=\"flex-basis:40%\">\n<figure class=\"wp-block-image aligncenter size-full is-style-rounded wp-duotone-111111-e4efeb-4 is-style-rounded--3\"><img loading=\"lazy\" decoding=\"async\" width=\"2100\" height=\"1500\" src=\"https:\/\/pfeilundbogenerlebnisse.de\/wp-content\/uploads\/2025\/01\/people-clipart-silhouette-free.jpg\" alt=\"\" class=\"wp-image-88\" style=\"aspect-ratio:1.3333333333333333;object-fit:cover\" srcset=\"https:\/\/pfeilundbogenerlebnisse.de\/wp-content\/uploads\/2025\/01\/people-clipart-silhouette-free.jpg 2100w, https:\/\/pfeilundbogenerlebnisse.de\/wp-content\/uploads\/2025\/01\/people-clipart-silhouette-free-300x214.jpg 300w, https:\/\/pfeilundbogenerlebnisse.de\/wp-content\/uploads\/2025\/01\/people-clipart-silhouette-free-1024x731.jpg 1024w, https:\/\/pfeilundbogenerlebnisse.de\/wp-content\/uploads\/2025\/01\/people-clipart-silhouette-free-768x549.jpg 768w, https:\/\/pfeilundbogenerlebnisse.de\/wp-content\/uploads\/2025\/01\/people-clipart-silhouette-free-1536x1097.jpg 1536w, https:\/\/pfeilundbogenerlebnisse.de\/wp-content\/uploads\/2025\/01\/people-clipart-silhouette-free-2048x1463.jpg 2048w\" sizes=\"auto, (max-width: 2100px) 100vw, 2100px\" \/><\/figure>\n<\/div>\n<\/div>\n<\/div>\n\n\n\n<div class=\"wp-block-group alignfull has-global-padding is-layout-constrained wp-container-core-group-is-layout-669513ed wp-block-group-is-layout-constrained\" style=\"margin-top:0;margin-bottom:0;padding-top:var(--wp--preset--spacing--50);padding-right:var(--wp--preset--spacing--50);padding-bottom:var(--wp--preset--spacing--50);padding-left:var(--wp--preset--spacing--50)\">\n<div style=\"height:var(--wp--preset--spacing--30)\" aria-hidden=\"true\" class=\"wp-block-spacer\"><\/div>\n\n\n\n<div class=\"wp-block-columns alignwide is-layout-flex wp-container-core-columns-is-layout-4935966c wp-block-columns-is-layout-flex\" style=\"padding-right:0;padding-left:0\">\n<div class=\"wp-block-column is-layout-flow wp-block-column-is-layout-flow\">\n<figure class=\"wp-block-gallery has-nested-images columns-default is-cropped wp-block-gallery-6 is-layout-flex wp-block-gallery-is-layout-flex\">\n<figure class=\"wp-block-image size-full is-style-rounded is-style-rounded--5\"><img loading=\"lazy\" decoding=\"async\" width=\"778\" height=\"583\" data-id=\"52\" src=\"https:\/\/pfeilundbogenerlebnisse.de\/wp-content\/uploads\/2025\/01\/Bogen2.jpg\" alt=\"\" class=\"wp-image-52\" style=\"aspect-ratio:1;object-fit:cover\" srcset=\"https:\/\/pfeilundbogenerlebnisse.de\/wp-content\/uploads\/2025\/01\/Bogen2.jpg 778w, https:\/\/pfeilundbogenerlebnisse.de\/wp-content\/uploads\/2025\/01\/Bogen2-300x225.jpg 300w, https:\/\/pfeilundbogenerlebnisse.de\/wp-content\/uploads\/2025\/01\/Bogen2-768x576.jpg 768w\" sizes=\"auto, (max-width: 778px) 100vw, 778px\" \/><\/figure>\n<\/figure>\n<\/div>\n\n\n\n<div class=\"wp-block-column is-layout-flow wp-block-column-is-layout-flow\">\n<div class=\"wp-block-group is-vertical is-content-justification-center is-nowrap is-layout-flex wp-container-core-group-is-layout-21d4e958 wp-block-group-is-layout-flex\">\n<h2 class=\"wp-block-heading\">Instructor<\/h2>\n\n\n\n<p>&#8222;Seit meiner Kindheit bin ich von Pfeil und Bogen begeistert. Von meinem Freund und gro\u00dfen Vorbild Werner Busch (Europameister und mehrfacher deutscher Meister im Jagd-Bogenschie\u00dfen) konnte ich aber noch viel lernen und meine Fertigkeiten und F\u00e4higkeiten verfeinern und perfektionieren. Meine Freude besteht darin, diese Begeisterung an die Teilnehmer unserer Kurse und Events weiterzugeben&#8220;<\/p>\n\n\n\n<p>Alexander Kurz<\/p>\n<\/div>\n<\/div>\n<\/div>\n<\/div>\n\n\n\n<div class=\"wp-block-group alignfull has-base-color has-contrast-background-color has-text-color has-background has-link-color wp-elements-5b95be03aec6241efd488a7b041c950c has-global-padding is-layout-constrained wp-container-core-group-is-layout-d89aad35 wp-block-group-is-layout-constrained\" style=\"margin-top:0;margin-bottom:0;padding-top:var(--wp--preset--spacing--50);padding-right:var(--wp--preset--spacing--50);padding-bottom:var(--wp--preset--spacing--50);padding-left:var(--wp--preset--spacing--50)\">\n<h2 class=\"wp-block-heading alignwide has-base-color has-text-color has-link-color wp-elements-c9b5699bdecff18878afa112249018b5\" style=\"font-size:clamp(4.509rem, 4.509rem + ((1vw - 0.2rem) * 9.152), 10rem);letter-spacing:-0.02em\">FAQs<\/h2>\n\n\n\n<div class=\"wp-block-group alignwide is-layout-flow wp-block-group-is-layout-flow\">\n<hr class=\"wp-block-separator has-text-color has-base-color has-alpha-channel-opacity has-base-background-color has-background is-style-wide\"\/>\n\n\n\n<details class=\"wp-block-details is-style-arrow-icon-details has-medium-font-size is-layout-flow wp-block-details-is-layout-flow\" style=\"border-top-style:none;border-top-width:0px;border-right-style:none;border-right-width:0px;border-bottom-color:var(--wp--preset--color--base);border-bottom-style:solid;border-bottom-width:1px;border-left-style:none;border-left-width:0px;margin-top:0\"><summary>Wer kann an den Kursen bzw. Events teilnehmen?<\/summary>\n<p class=\"has-contrast-1-color has-text-color has-link-color wp-elements-a03c972f7972a2c9ac4eb56826e6d1f4\">Menschen ab ca. 10 Jahren (je nach Konstitution) bis ins hohe Alter. <br>Grunds\u00e4tzlich gilt: Wer in der Lage ist, mit Messer und Gabel zu essen ohne sich zu verletzen, kann auch mit Pfeil und Bogen umgehen.<\/p>\n<\/details>\n\n\n\n<details class=\"wp-block-details is-style-arrow-icon-details has-medium-font-size is-layout-flow wp-block-details-is-layout-flow\" style=\"border-top-style:none;border-top-width:0px;border-right-style:none;border-right-width:0px;border-bottom-color:var(--wp--preset--color--base);border-bottom-style:solid;border-bottom-width:1px;border-left-style:none;border-left-width:0px;margin-top:0\"><summary>Brauche ich Vorkenntnisse oder Erfahrung?<\/summary>\n<p class=\"has-contrast-1-color has-text-color has-link-color wp-elements-a6b2ab382f77da6b2ac86e9f5bcbe965\">Nein, unsere Angebote richten sich sowohl an Einsteiger als auch an Fortgeschrittene. Eine ausf\u00fchrliche Einweisung in die richtige Handhabung und den richtigen Ablauf sind selbstverst\u00e4ndlich immer dabei.<\/p>\n<\/details>\n\n\n\n<details class=\"wp-block-details is-style-arrow-icon-details has-medium-font-size is-layout-flow wp-block-details-is-layout-flow\" style=\"border-top-style:none;border-top-width:0px;border-right-style:none;border-right-width:0px;border-bottom-color:var(--wp--preset--color--base);border-bottom-style:solid;border-bottom-width:1px;border-left-style:none;border-left-width:0px;margin-top:0\"><summary>Ist Bogenschie\u00dfen sicher?<\/summary>\n<p class=\"has-contrast-1-color has-text-color has-link-color wp-elements-06c8a61eeceb2ef10e698c9084c6fc04\">Ja! Sicherheit hat oberste Priorit\u00e4t, daher nutzen wir sog. Larppfeile, die das Verletzungsrisiko gleich null senken. Daneben achten wir nat\u00fcrlich auf die Einhaltung der Sicherheitsregeln und auf die richtige Handhabung der Ausr\u00fcstung. <\/p>\n<\/details>\n\n\n\n<details class=\"wp-block-details is-style-arrow-icon-details has-medium-font-size is-layout-flow wp-block-details-is-layout-flow\" style=\"border-top-style:none;border-top-width:0px;border-right-style:none;border-right-width:0px;border-bottom-color:var(--wp--preset--color--base);border-bottom-style:solid;border-bottom-width:1px;border-left-style:none;border-left-width:0px;margin-top:0\"><summary>Wo finden die Kurse und Events statt?<\/summary>\n<p class=\"has-contrast-1-color has-text-color has-link-color wp-elements-42579815d65a99224f95528f3a829e4c\">Die Kurse halten wir meist in unserer Anlage in Ulm -indoor- ab.<\/p>\n\n\n\n<p class=\"has-contrast-1-color has-text-color has-link-color wp-elements-801de4c527a45dd48635682a69edbd7b\">Wir bieten aber auch mobiles Bogenschie\u00dfen an und kommen gerne mit unserem Equipment zu Ihnen oder in eine entsprechende Eventlocation.<\/p>\n<\/details>\n\n\n\n<details class=\"wp-block-details is-style-arrow-icon-details has-medium-font-size is-layout-flow wp-block-details-is-layout-flow\" style=\"border-top-style:none;border-top-width:0px;border-right-style:none;border-right-width:0px;border-bottom-color:var(--wp--preset--color--base);border-bottom-style:solid;border-bottom-width:1px;border-left-style:none;border-left-width:0px;margin-top:0\"><summary>Wie kann ich buchen und was kostet ein Kurs oder Event?<\/summary>\n<p class=\"has-contrast-1-color has-text-color has-link-color wp-elements-57156294edd4a53f166316a8d9375974\">Schicken Sie uns einfach Ihre Anfrage mit Ihren Vorstellungen \u00fcber das Kontaktformular. Wir unterbreiten Ihnen dann gerne ein passendes Angebot.<\/p>\n\n\n\n<p>Kurse gibt es als Kompaktkurs mit ca. 2 Stunden schon f\u00fcr 55,00 \u20ac pro Person, Gruppenpreise richten sich nach der Teilnehmerzahl, kontaktieren Sie uns gerne hierzu.<\/p>\n<\/details>\n\n\n\n<details class=\"wp-block-details is-style-arrow-icon-details has-medium-font-size is-layout-flow wp-block-details-is-layout-flow\" style=\"border-top-style:none;border-top-width:0px;border-right-style:none;border-right-width:0px;border-bottom-color:var(--wp--preset--color--base);border-bottom-style:solid;border-bottom-width:1px;border-left-style:none;border-left-width:0px;margin-top:0\"><summary>Brauche ich eine eigene Ausr\u00fcstung? Was ist mitzubringen? <\/summary>\n<p class=\"has-contrast-1-color has-text-color has-link-color wp-elements-b942cce1dddcb6b66af198ec02e30c68\">Wir haben das komplette Equipment vorr\u00e4tig: B\u00f6gen (f\u00fcr Rechts- und Linksh\u00e4nder), Pfeile sowie Schutzausr\u00fcstung. Kommen Sie in einfach in bequemer Kleidung.<\/p>\n\n\n\n<p><\/p>\n<\/details>\n\n\n\n<details class=\"wp-block-details is-style-arrow-icon-details has-medium-font-size is-layout-flow wp-block-details-is-layout-flow\" style=\"border-top-style:none;border-top-width:0px;border-right-style:none;border-right-width:0px;border-bottom-color:var(--wp--preset--color--base);border-bottom-style:solid;border-bottom-width:1px;border-left-style:none;border-left-width:0px;margin-top:0\"><summary>Finden Kurse und Events auch bei schlechtem Wetter statt? <\/summary>\n<p class=\"has-contrast-1-color has-text-color has-link-color wp-elements-a6afdf10c149785e5cd28babca912521\">Die Kurse in unserer Anlage sind indoor, also wetterunabh\u00e4ngig. <\/p>\n\n\n\n<p class=\"has-contrast-1-color has-text-color has-link-color wp-elements-c7fa63548fd2ff064099df45115de5a6\">Bei Outdoor-Events k\u00f6nnen wir eine \u00fcberdachte Alternative bzw. einen Ersatztermin suchen. Bei kurzfristigen Absagen gelten unsere Stornobedingungen, in den meisten F\u00e4llen ist aber eine Umbuchung m\u00f6glich.<\/p>\n\n\n\n<p><\/p>\n<\/details>\n\n\n\n<div style=\"margin-top:var(--wp--preset--spacing--10);margin-bottom:0;height:var(--wp--preset--spacing--10)\" aria-hidden=\"true\" class=\"wp-block-spacer\"><\/div>\n<\/div>\n<\/div>\n","protected":false},"excerpt":{"rendered":"<p>Immer ein Volltreffer !w\u00e4hlen Sie aus unserem Angebotdas f\u00fcr Sie passende Event Erleben Sie die Faszination des Bogenschie\u00dfens in all seinen Facetten. Egal, ob Sie ein spannendes Teamevent planen, einen Kindergeburtstag unvergesslich machen m\u00f6chten oder nach einem besonderen Highlight f\u00fcr Ihre Feier suchen \u2013 bei uns finden Sie das passende Angebot. Lassen Sie sich von [&hellip;]<\/p>\n","protected":false},"author":1,"featured_media":0,"parent":0,"menu_order":0,"comment_status":"closed","ping_status":"closed","template":"","meta":{"footnotes":""},"class_list":["post-9","page","type-page","status-publish","hentry"],"_links":{"self":[{"href":"https:\/\/pfeilundbogenerlebnisse.de\/index.php?rest_route=\/wp\/v2\/pages\/9","targetHints":{"allow":["GET"]}}],"collection":[{"href":"https:\/\/pfeilundbogenerlebnisse.de\/index.php?rest_route=\/wp\/v2\/pages"}],"about":[{"href":"https:\/\/pfeilundbogenerlebnisse.de\/index.php?rest_route=\/wp\/v2\/types\/page"}],"author":[{"embeddable":true,"href":"https:\/\/pfeilundbogenerlebnisse.de\/index.php?rest_route=\/wp\/v2\/users\/1"}],"replies":[{"embeddable":true,"href":"https:\/\/pfeilundbogenerlebnisse.de\/index.php?rest_route=%2Fwp%2Fv2%2Fcomments&post=9"}],"version-history":[{"count":30,"href":"https:\/\/pfeilundbogenerlebnisse.de\/index.php?rest_route=\/wp\/v2\/pages\/9\/revisions"}],"predecessor-version":[{"id":128,"href":"https:\/\/pfeilundbogenerlebnisse.de\/index.php?rest_route=\/wp\/v2\/pages\/9\/revisions\/128"}],"wp:attachment":[{"href":"https:\/\/pfeilundbogenerlebnisse.de\/index.php?rest_route=%2Fwp%2Fv2%2Fmedia&parent=9"}],"curies":[{"name":"wp","href":"https:\/\/api.w.org\/{rel}","templated":true}]}}