{"id":22,"date":"2024-07-08T18:20:44","date_gmt":"2024-07-08T16:20:44","guid":{"rendered":"https:\/\/reload-fitness.de\/?page_id=22"},"modified":"2025-07-04T13:39:40","modified_gmt":"2025-07-04T11:39:40","slug":"kindergeburtstage","status":"publish","type":"page","link":"https:\/\/pfeilundbogenerlebnisse.de\/?page_id=22","title":{"rendered":"Kindergeburtstage"},"content":{"rendered":"\n<div class=\"wp-block-group alignfull has-global-padding is-layout-constrained wp-container-core-group-is-layout-490fa1db wp-block-group-is-layout-constrained\" style=\"padding-top:var(--wp--preset--spacing--50);padding-right:var(--wp--preset--spacing--50);padding-bottom:var(--wp--preset--spacing--50);padding-left:var(--wp--preset--spacing--50)\">\n<div class=\"wp-block-group has-global-padding is-layout-constrained wp-container-core-group-is-layout-650790e1 wp-block-group-is-layout-constrained\">\n<h1 class=\"wp-block-heading has-text-align-center has-x-large-font-size\"><strong>Bogenschie\u00dfen<\/strong><br><strong>f\u00fcr den besonderen Tag<\/strong><\/h1>\n\n\n\n<div style=\"height:1.25rem\" aria-hidden=\"true\" class=\"wp-block-spacer\"><\/div>\n\n\n\n<p class=\"has-text-align-center\">Machen Sie den Geburtstag Ihres Kindes zu einem unvergesslichen Erlebnis! Unser Angebot mit Bogenschie\u00dfen ist perfekt f\u00fcr alle, die das Besondere lieben. Durch unsere spezielle Ausr\u00fcstung besteht keinerlei Verletzungsgefahr. Geeignet f\u00fcr Kinder ab ca. 10 Jahren und f\u00fcr eine Teilnehmerzahl von rund<\/p>\n\n\n\n<p class=\"has-text-align-center\">12 Kindern. Ein Abenteuer, von dem noch lange gesprochen wird!<\/p>\n\n\n\n<div style=\"height:1.25rem\" aria-hidden=\"true\" class=\"wp-block-spacer\"><\/div>\n<\/div>\n\n\n\n<div style=\"height:var(--wp--preset--spacing--30)\" aria-hidden=\"true\" class=\"wp-block-spacer\"><\/div>\n<\/div>\n\n\n\n<div class=\"wp-block-group alignfull has-base-color has-contrast-background-color has-text-color has-background has-global-padding is-layout-constrained wp-container-core-group-is-layout-ef3d885c wp-block-group-is-layout-constrained\" style=\"margin-top:0;margin-bottom:0;padding-top:var(--wp--preset--spacing--60);padding-right:var(--wp--preset--spacing--60);padding-bottom:var(--wp--preset--spacing--60);padding-left:var(--wp--preset--spacing--60)\">\n<div class=\"wp-block-group has-global-padding is-layout-constrained wp-block-group-is-layout-constrained\">\n<p class=\"has-text-align-center has-base-color has-text-color has-heading-font-family has-x-large-font-size\" style=\"line-height:1.2\"><em>&#8222;Ein Kindergeburtstag mit Bogenschie\u00dfen ist ein unvergessliches Abenteuer, das f\u00fcr Begeisterung sorgt und lange in Erinnerung bleibt. Perfekt f\u00fcr alle, die das Besondere lieben.&#8220;<\/em><\/p>\n\n\n\n<div style=\"height:var(--wp--preset--spacing--10)\" aria-hidden=\"true\" class=\"wp-block-spacer\"><\/div>\n<\/div>\n<\/div>\n","protected":false},"excerpt":{"rendered":"<p>Bogenschie\u00dfenf\u00fcr den besonderen Tag Machen Sie den Geburtstag Ihres Kindes zu einem unvergesslichen Erlebnis! Unser Angebot mit Bogenschie\u00dfen ist perfekt f\u00fcr alle, die das Besondere lieben. Durch unsere spezielle Ausr\u00fcstung besteht keinerlei Verletzungsgefahr. Geeignet f\u00fcr Kinder ab ca. 10 Jahren und f\u00fcr eine Teilnehmerzahl von rund 12 Kindern. Ein Abenteuer, von dem noch lange gesprochen [&hellip;]<\/p>\n","protected":false},"author":1,"featured_media":63,"parent":0,"menu_order":0,"comment_status":"closed","ping_status":"closed","template":"","meta":{"footnotes":""},"class_list":["post-22","page","type-page","status-publish","has-post-thumbnail","hentry"],"_links":{"self":[{"href":"https:\/\/pfeilundbogenerlebnisse.de\/index.php?rest_route=\/wp\/v2\/pages\/22","targetHints":{"allow":["GET"]}}],"collection":[{"href":"https:\/\/pfeilundbogenerlebnisse.de\/index.php?rest_route=\/wp\/v2\/pages"}],"about":[{"href":"https:\/\/pfeilundbogenerlebnisse.de\/index.php?rest_route=\/wp\/v2\/types\/page"}],"author":[{"embeddable":true,"href":"https:\/\/pfeilundbogenerlebnisse.de\/index.php?rest_route=\/wp\/v2\/users\/1"}],"replies":[{"embeddable":true,"href":"https:\/\/pfeilundbogenerlebnisse.de\/index.php?rest_route=%2Fwp%2Fv2%2Fcomments&post=22"}],"version-history":[{"count":6,"href":"https:\/\/pfeilundbogenerlebnisse.de\/index.php?rest_route=\/wp\/v2\/pages\/22\/revisions"}],"predecessor-version":[{"id":163,"href":"https:\/\/pfeilundbogenerlebnisse.de\/index.php?rest_route=\/wp\/v2\/pages\/22\/revisions\/163"}],"wp:featuredmedia":[{"embeddable":true,"href":"https:\/\/pfeilundbogenerlebnisse.de\/index.php?rest_route=\/wp\/v2\/media\/63"}],"wp:attachment":[{"href":"https:\/\/pfeilundbogenerlebnisse.de\/index.php?rest_route=%2Fwp%2Fv2%2Fmedia&parent=22"}],"curies":[{"name":"wp","href":"https:\/\/api.w.org\/{rel}","templated":true}]}}