{"id":20,"date":"2024-07-08T18:20:44","date_gmt":"2024-07-08T16:20:44","guid":{"rendered":"https:\/\/reload-fitness.de\/?page_id=20"},"modified":"2025-07-04T13:38:07","modified_gmt":"2025-07-04T11:38:07","slug":"paedagogische-tage","status":"publish","type":"page","link":"https:\/\/pfeilundbogenerlebnisse.de\/?page_id=20","title":{"rendered":"P\u00e4dagogische Tage"},"content":{"rendered":"\n<div class=\"wp-block-group alignfull has-global-padding is-layout-constrained wp-container-core-group-is-layout-490fa1db wp-block-group-is-layout-constrained\" style=\"padding-top:var(--wp--preset--spacing--50);padding-right:var(--wp--preset--spacing--50);padding-bottom:var(--wp--preset--spacing--50);padding-left:var(--wp--preset--spacing--50)\">\n<div class=\"wp-block-group has-global-padding is-layout-constrained wp-container-core-group-is-layout-650790e1 wp-block-group-is-layout-constrained\">\n<h1 class=\"wp-block-heading has-text-align-left has-x-large-font-size\"><strong>Intuitives Bogenschie\u00dfen<\/strong><\/h1>\n\n\n\n<div style=\"height:1.25rem\" aria-hidden=\"true\" class=\"wp-block-spacer\"><\/div>\n\n\n\n<p class=\"has-text-align-left\">P\u00e4dagogische Tage mit intuitivem Bogenschie\u00dfen \u00f6ffnen und erweitern Horizonte. Diese besonderen Tage r\u00fccken Fokus und Intuition in den Vordergrund, lassen die Team-Kommunikation aufleben und st\u00e4rken das Zusammengeh\u00f6rigkeitsgef\u00fchl. Eine wertvolle Erfahrung f\u00fcr alle Beteiligten!<\/p>\n\n\n\n<div style=\"height:1.25rem\" aria-hidden=\"true\" class=\"wp-block-spacer\"><\/div>\n\n\n\n<div style=\"height:var(--wp--preset--spacing--30)\" aria-hidden=\"true\" class=\"wp-block-spacer\"><\/div>\n<\/div>\n<\/div>\n\n\n\n<div class=\"wp-block-group alignfull has-base-color has-contrast-background-color has-text-color has-background has-global-padding is-layout-constrained wp-container-core-group-is-layout-ef3d885c wp-block-group-is-layout-constrained\" style=\"margin-top:0;margin-bottom:0;padding-top:var(--wp--preset--spacing--60);padding-right:var(--wp--preset--spacing--60);padding-bottom:var(--wp--preset--spacing--60);padding-left:var(--wp--preset--spacing--60)\">\n<div class=\"wp-block-group has-global-padding is-layout-constrained wp-block-group-is-layout-constrained\">\n<p class=\"has-text-align-center has-base-color has-text-color has-heading-font-family has-x-large-font-size\" style=\"line-height:1.2\"><em>&#8222;P\u00e4dagogische Tage mit intuitivem Bogenschie\u00dfen er\u00f6ffnen neue Perspektiven, f\u00f6rdern den Fokus und st\u00e4rken das Zusammengeh\u00f6rigkeitsgef\u00fchl. Eine bereichernde Erfahrung, die Team-Kommunikation und Intuition in den Mittelpunkt stellt.&#8220;<\/em><\/p>\n\n\n\n<div style=\"height:var(--wp--preset--spacing--10)\" aria-hidden=\"true\" class=\"wp-block-spacer\"><\/div>\n<\/div>\n<\/div>\n","protected":false},"excerpt":{"rendered":"<p>Intuitives Bogenschie\u00dfen P\u00e4dagogische Tage mit intuitivem Bogenschie\u00dfen \u00f6ffnen und erweitern Horizonte. Diese besonderen Tage r\u00fccken Fokus und Intuition in den Vordergrund, lassen die Team-Kommunikation aufleben und st\u00e4rken das Zusammengeh\u00f6rigkeitsgef\u00fchl. Eine wertvolle Erfahrung f\u00fcr alle Beteiligten! &#8222;P\u00e4dagogische Tage mit intuitivem Bogenschie\u00dfen er\u00f6ffnen neue Perspektiven, f\u00f6rdern den Fokus und st\u00e4rken das Zusammengeh\u00f6rigkeitsgef\u00fchl. Eine bereichernde Erfahrung, die Team-Kommunikation [&hellip;]<\/p>\n","protected":false},"author":1,"featured_media":59,"parent":0,"menu_order":0,"comment_status":"closed","ping_status":"closed","template":"","meta":{"footnotes":""},"class_list":["post-20","page","type-page","status-publish","has-post-thumbnail","hentry"],"_links":{"self":[{"href":"https:\/\/pfeilundbogenerlebnisse.de\/index.php?rest_route=\/wp\/v2\/pages\/20","targetHints":{"allow":["GET"]}}],"collection":[{"href":"https:\/\/pfeilundbogenerlebnisse.de\/index.php?rest_route=\/wp\/v2\/pages"}],"about":[{"href":"https:\/\/pfeilundbogenerlebnisse.de\/index.php?rest_route=\/wp\/v2\/types\/page"}],"author":[{"embeddable":true,"href":"https:\/\/pfeilundbogenerlebnisse.de\/index.php?rest_route=\/wp\/v2\/users\/1"}],"replies":[{"embeddable":true,"href":"https:\/\/pfeilundbogenerlebnisse.de\/index.php?rest_route=%2Fwp%2Fv2%2Fcomments&post=20"}],"version-history":[{"count":10,"href":"https:\/\/pfeilundbogenerlebnisse.de\/index.php?rest_route=\/wp\/v2\/pages\/20\/revisions"}],"predecessor-version":[{"id":162,"href":"https:\/\/pfeilundbogenerlebnisse.de\/index.php?rest_route=\/wp\/v2\/pages\/20\/revisions\/162"}],"wp:featuredmedia":[{"embeddable":true,"href":"https:\/\/pfeilundbogenerlebnisse.de\/index.php?rest_route=\/wp\/v2\/media\/59"}],"wp:attachment":[{"href":"https:\/\/pfeilundbogenerlebnisse.de\/index.php?rest_route=%2Fwp%2Fv2%2Fmedia&parent=20"}],"curies":[{"name":"wp","href":"https:\/\/api.w.org\/{rel}","templated":true}]}}