{"id":16,"date":"2024-07-08T18:20:44","date_gmt":"2024-07-08T16:20:44","guid":{"rendered":"https:\/\/reload-fitness.de\/?page_id=16"},"modified":"2026-02-03T22:50:28","modified_gmt":"2026-02-03T21:50:28","slug":"archery-games","status":"publish","type":"page","link":"https:\/\/pfeilundbogenerlebnisse.de\/?page_id=16","title":{"rendered":"Archery games"},"content":{"rendered":"\n<div class=\"wp-block-group alignfull has-global-padding is-layout-constrained wp-container-core-group-is-layout-490fa1db wp-block-group-is-layout-constrained\" style=\"padding-top:var(--wp--preset--spacing--50);padding-right:var(--wp--preset--spacing--50);padding-bottom:var(--wp--preset--spacing--50);padding-left:var(--wp--preset--spacing--50)\">\n<div class=\"wp-block-group has-global-padding is-layout-constrained wp-container-core-group-is-layout-650790e1 wp-block-group-is-layout-constrained\">\n<h1 class=\"wp-block-heading has-text-align-center has-large-font-size\">Spannung &#8211; Action &#8211; Tempo <\/h1>\n\n\n\n<p class=\"has-text-align-center has-large-font-size\">archery soccer und <br>archery battle<br> f\u00fcr echte Teamplayer<\/p>\n\n\n\n<div style=\"height:1.25rem\" aria-hidden=\"true\" class=\"wp-block-spacer\"><\/div>\n\n\n\n<div style=\"height:1.25rem\" aria-hidden=\"true\" class=\"wp-block-spacer\"><\/div>\n<\/div>\n\n\n\n<div style=\"height:var(--wp--preset--spacing--30)\" aria-hidden=\"true\" class=\"wp-block-spacer\"><\/div>\n\n\n\n<figure class=\"wp-block-image alignwide size-full is-style-rounded wp-duotone-unset-2 is-style-rounded--1\"><img loading=\"lazy\" decoding=\"async\" width=\"1680\" height=\"1276\" src=\"https:\/\/pfeilundbogenerlebnisse.de\/wp-content\/uploads\/2025\/01\/vjtrysjm.png\" alt=\"\" class=\"wp-image-109\" srcset=\"https:\/\/pfeilundbogenerlebnisse.de\/wp-content\/uploads\/2025\/01\/vjtrysjm.png 1680w, https:\/\/pfeilundbogenerlebnisse.de\/wp-content\/uploads\/2025\/01\/vjtrysjm-300x228.png 300w, https:\/\/pfeilundbogenerlebnisse.de\/wp-content\/uploads\/2025\/01\/vjtrysjm-1024x778.png 1024w, https:\/\/pfeilundbogenerlebnisse.de\/wp-content\/uploads\/2025\/01\/vjtrysjm-768x583.png 768w, https:\/\/pfeilundbogenerlebnisse.de\/wp-content\/uploads\/2025\/01\/vjtrysjm-1536x1167.png 1536w\" sizes=\"auto, (max-width: 1680px) 100vw, 1680px\" \/><\/figure>\n<\/div>\n\n\n\n<div class=\"wp-block-group alignfull has-global-padding is-layout-constrained wp-container-core-group-is-layout-d89aad35 wp-block-group-is-layout-constrained\" style=\"margin-top:0;margin-bottom:0;padding-top:var(--wp--preset--spacing--50);padding-right:var(--wp--preset--spacing--50);padding-bottom:var(--wp--preset--spacing--50);padding-left:var(--wp--preset--spacing--50)\">\n<div class=\"wp-block-group alignwide has-global-padding is-layout-constrained wp-container-core-group-is-layout-19e250f3 wp-block-group-is-layout-constrained\">\n<div class=\"wp-block-columns alignwide is-layout-flex wp-container-core-columns-is-layout-d1c656ed wp-block-columns-is-layout-flex\">\n<div class=\"wp-block-column is-vertically-aligned-center is-layout-flow wp-block-column-is-layout-flow\" style=\"flex-basis:40%\">\n<h3 class=\"wp-block-heading is-style-default\"><strong>archery soccer<\/strong><\/h3>\n\n\n\n<p>Spannung, Action, Tempo \u2013 Archery Soccer ist das ultimative Erlebnis f\u00fcr echte Teamplayer! Stellen Sie sich der Herausforderung, den Ball mit Ihrem Bogen und speziellen LARP-Pfeilen \u00fcber die gegnerische Torlinie zu bugsieren. Gleichzeitig m\u00fcssen Sie das gegnerische Team daran hindern, dasselbe zu tun. <br>Ein sportliches Abenteuer, das Strategie und Geschick erfordert!<\/p>\n<\/div>\n\n\n\n<div class=\"wp-block-column is-layout-flow wp-block-column-is-layout-flow\" style=\"flex-basis:50%\">\n<figure class=\"wp-block-image size-large is-style-rounded is-style-rounded--3\"><img loading=\"lazy\" decoding=\"async\" width=\"768\" height=\"1024\" src=\"https:\/\/pfeilundbogenerlebnisse.de\/wp-content\/uploads\/2025\/01\/20220620_164435-768x1024.jpg\" alt=\"\" class=\"wp-image-92\" srcset=\"https:\/\/pfeilundbogenerlebnisse.de\/wp-content\/uploads\/2025\/01\/20220620_164435-768x1024.jpg 768w, https:\/\/pfeilundbogenerlebnisse.de\/wp-content\/uploads\/2025\/01\/20220620_164435-225x300.jpg 225w, https:\/\/pfeilundbogenerlebnisse.de\/wp-content\/uploads\/2025\/01\/20220620_164435-1152x1536.jpg 1152w, https:\/\/pfeilundbogenerlebnisse.de\/wp-content\/uploads\/2025\/01\/20220620_164435-1536x2048.jpg 1536w, https:\/\/pfeilundbogenerlebnisse.de\/wp-content\/uploads\/2025\/01\/20220620_164435-scaled.jpg 1920w\" sizes=\"auto, (max-width: 768px) 100vw, 768px\" \/><\/figure>\n<\/div>\n<\/div>\n\n\n\n<div style=\"height:var(--wp--preset--spacing--40)\" aria-hidden=\"true\" class=\"wp-block-spacer\"><\/div>\n\n\n\n<div class=\"wp-block-columns alignwide is-layout-flex wp-container-core-columns-is-layout-d1c656ed wp-block-columns-is-layout-flex\">\n<div class=\"wp-block-column is-layout-flow wp-block-column-is-layout-flow\" style=\"flex-basis:50%\">\n<figure class=\"wp-block-image size-large is-style-rounded is-style-rounded--4\"><img loading=\"lazy\" decoding=\"async\" width=\"1024\" height=\"768\" src=\"https:\/\/pfeilundbogenerlebnisse.de\/wp-content\/uploads\/2025\/01\/20210418_143525-1024x768.jpg\" alt=\"\" class=\"wp-image-94\" srcset=\"https:\/\/pfeilundbogenerlebnisse.de\/wp-content\/uploads\/2025\/01\/20210418_143525-1024x768.jpg 1024w, https:\/\/pfeilundbogenerlebnisse.de\/wp-content\/uploads\/2025\/01\/20210418_143525-300x225.jpg 300w, https:\/\/pfeilundbogenerlebnisse.de\/wp-content\/uploads\/2025\/01\/20210418_143525-768x576.jpg 768w, https:\/\/pfeilundbogenerlebnisse.de\/wp-content\/uploads\/2025\/01\/20210418_143525-1536x1152.jpg 1536w, https:\/\/pfeilundbogenerlebnisse.de\/wp-content\/uploads\/2025\/01\/20210418_143525-2048x1536.jpg 2048w\" sizes=\"auto, (max-width: 1024px) 100vw, 1024px\" \/><\/figure>\n<\/div>\n\n\n\n<div class=\"wp-block-column is-vertically-aligned-center is-layout-flow wp-block-column-is-layout-flow\" style=\"flex-basis:40%\">\n<h3 class=\"wp-block-heading is-style-default\"><strong>archery battle<\/strong><\/h3>\n\n\n\n<p>Erleben Sie den Nervenkitzel eines Archery Battles! Zwei Teams treten gegeneinander an, um sich aus der Deckung heraus zu markieren, ohne selbst getroffen zu werden. \u00dcber die Zielscheibe der Gegenseite k\u00f6nnen eigene Spieler wieder ins Spiel zur\u00fcckgeholt werden. Die Regeln sind vergleichbar mit V\u00f6lkerball, und nat\u00fcrlich ist Schutzausr\u00fcstung vorhanden. Ein spannender Wettkampf, der Teamgeist und Taktik f\u00f6rdert!<\/p>\n<\/div>\n<\/div>\n<\/div>\n<\/div>\n\n\n\n<div class=\"wp-block-group alignfull has-base-color has-contrast-background-color has-text-color has-background has-global-padding is-layout-constrained wp-container-core-group-is-layout-ef3d885c wp-block-group-is-layout-constrained\" style=\"margin-top:0;margin-bottom:0;padding-top:var(--wp--preset--spacing--60);padding-right:var(--wp--preset--spacing--60);padding-bottom:var(--wp--preset--spacing--60);padding-left:var(--wp--preset--spacing--60)\">\n<div class=\"wp-block-group has-global-padding is-layout-constrained wp-block-group-is-layout-constrained\">\n<p class=\"has-text-align-center has-base-color has-text-color has-heading-font-family has-large-font-size\" style=\"line-height:1.2\"><em>&#8222;Archery Games vereinen Strategie, Geschick und Teamgeist. Ob Archery Soccer oder Archery Battle \u2013 erleben Sie ein sportliches Abenteuer, das nicht nur Ihre Treffsicherheit, sondern auch Ihre Teamf\u00e4higkeit auf die Probe stellt.&#8220;<\/em><\/p>\n\n\n\n<div style=\"height:var(--wp--preset--spacing--10)\" aria-hidden=\"true\" class=\"wp-block-spacer\"><\/div>\n<\/div>\n<\/div>\n","protected":false},"excerpt":{"rendered":"<p>Spannung &#8211; Action &#8211; Tempo archery soccer und archery battle f\u00fcr echte Teamplayer archery soccer Spannung, Action, Tempo \u2013 Archery Soccer ist das ultimative Erlebnis f\u00fcr echte Teamplayer! Stellen Sie sich der Herausforderung, den Ball mit Ihrem Bogen und speziellen LARP-Pfeilen \u00fcber die gegnerische Torlinie zu bugsieren. Gleichzeitig m\u00fcssen Sie das gegnerische Team daran hindern, [&hellip;]<\/p>\n","protected":false},"author":1,"featured_media":0,"parent":0,"menu_order":0,"comment_status":"closed","ping_status":"closed","template":"","meta":{"footnotes":""},"class_list":["post-16","page","type-page","status-publish","hentry"],"_links":{"self":[{"href":"https:\/\/pfeilundbogenerlebnisse.de\/index.php?rest_route=\/wp\/v2\/pages\/16","targetHints":{"allow":["GET"]}}],"collection":[{"href":"https:\/\/pfeilundbogenerlebnisse.de\/index.php?rest_route=\/wp\/v2\/pages"}],"about":[{"href":"https:\/\/pfeilundbogenerlebnisse.de\/index.php?rest_route=\/wp\/v2\/types\/page"}],"author":[{"embeddable":true,"href":"https:\/\/pfeilundbogenerlebnisse.de\/index.php?rest_route=\/wp\/v2\/users\/1"}],"replies":[{"embeddable":true,"href":"https:\/\/pfeilundbogenerlebnisse.de\/index.php?rest_route=%2Fwp%2Fv2%2Fcomments&post=16"}],"version-history":[{"count":8,"href":"https:\/\/pfeilundbogenerlebnisse.de\/index.php?rest_route=\/wp\/v2\/pages\/16\/revisions"}],"predecessor-version":[{"id":183,"href":"https:\/\/pfeilundbogenerlebnisse.de\/index.php?rest_route=\/wp\/v2\/pages\/16\/revisions\/183"}],"wp:attachment":[{"href":"https:\/\/pfeilundbogenerlebnisse.de\/index.php?rest_route=%2Fwp%2Fv2%2Fmedia&parent=16"}],"curies":[{"name":"wp","href":"https:\/\/api.w.org\/{rel}","templated":true}]}}